{"id":189,"date":"2025-03-21T13:58:44","date_gmt":"2025-03-21T13:58:44","guid":{"rendered":"https:\/\/www.logicinmind.com\/?page_id=189"},"modified":"2025-08-01T15:40:07","modified_gmt":"2025-08-01T15:40:07","slug":"logicinmind-accueil","status":"publish","type":"page","link":"https:\/\/www.logicinmind.com\/fr\/","title":{"rendered":"LogicInMind &#8211; Accueil"},"content":{"rendered":"\n<div class=\"wp-block-cover alignfull has-custom-content-position is-position-bottom-center\" style=\"min-height:848px;aspect-ratio:unset;\"><img loading=\"lazy\" decoding=\"async\" width=\"1920\" height=\"1280\" class=\"wp-block-cover__image-background wp-image-81\" alt=\"LogicInMind\" src=\"https:\/\/www.logicinmind.com\/wp-content\/uploads\/2025\/03\/top-priority-black-desktop1920x1280-1.png\" data-object-fit=\"cover\" srcset=\"https:\/\/www.logicinmind.com\/wp-content\/uploads\/2025\/03\/top-priority-black-desktop1920x1280-1.png 1920w, https:\/\/www.logicinmind.com\/wp-content\/uploads\/2025\/03\/top-priority-black-desktop1920x1280-1-300x200.png 300w, https:\/\/www.logicinmind.com\/wp-content\/uploads\/2025\/03\/top-priority-black-desktop1920x1280-1-1024x683.png 1024w, https:\/\/www.logicinmind.com\/wp-content\/uploads\/2025\/03\/top-priority-black-desktop1920x1280-1-768x512.png 768w, https:\/\/www.logicinmind.com\/wp-content\/uploads\/2025\/03\/top-priority-black-desktop1920x1280-1-1536x1024.png 1536w, https:\/\/www.logicinmind.com\/wp-content\/uploads\/2025\/03\/top-priority-black-desktop1920x1280-1-930x620.png 930w\" sizes=\"auto, (max-width: 1920px) 100vw, 1920px\" \/><span aria-hidden=\"true\" class=\"wp-block-cover__background has-background-dim-30 has-background-dim\"><\/span><div class=\"wp-block-cover__inner-container is-layout-flow wp-block-cover-is-layout-flow\">\n<h1 class=\"wp-block-heading has-text-align-center has-x-large-font-size\">LogicInMind &#8211; Accueil<\/h1>\n<\/div><\/div>\n\n\n\n<div class=\"wp-block-cover alignfull is-light\" style=\"min-height:600px;aspect-ratio:unset;\"><span aria-hidden=\"true\" class=\"wp-block-cover__background has-nv-light-bg-background-color has-background-dim-0 has-background-dim\"><\/span><div class=\"wp-block-cover__inner-container is-layout-flow wp-block-cover-is-layout-flow\">\n<div style=\"height:70px\" aria-hidden=\"true\" class=\"wp-block-spacer\"><\/div>\n\n\n\n<h2 class=\"wp-block-heading has-text-align-center has-x-large-font-size\">Slideshow Remote\u2122<\/h2>\n\n\n\n<h3 class=\"wp-block-heading has-text-align-center\">La t\u00e9l\u00e9commande la plus avanc\u00e9e pour PowerPoint Windows<\/h3>\n\n\n<div class=\"wp-block-image\">\n<figure class=\"alignright size-full is-resized\"><img loading=\"lazy\" decoding=\"async\" width=\"574\" height=\"521\" src=\"https:\/\/www.logicinmind.com\/wp-content\/uploads\/2025\/03\/slideshow-remote-v2-ipad-main-screen-1.png\" alt=\"LogicInMind - Accueil\" class=\"wp-image-194\" style=\"width:511px;height:auto\" srcset=\"https:\/\/www.logicinmind.com\/wp-content\/uploads\/2025\/03\/slideshow-remote-v2-ipad-main-screen-1.png 574w, https:\/\/www.logicinmind.com\/wp-content\/uploads\/2025\/03\/slideshow-remote-v2-ipad-main-screen-1-300x272.png 300w\" sizes=\"auto, (max-width: 574px) 100vw, 574px\" \/><\/figure>\n<\/div>\n\n\n<h3 class=\"wp-block-heading\"><a href=\"\/fr\/support\/reseau-ad-hoc-sans-fil-iphone\/index.html\">Cr\u00e9er un r\u00e9seau ad hoc sans fil pour iPhone, iPod Touch et iPad<\/a><\/h3>\n\n\n\n<p>Ce guide vous aidera \u00e0 cr\u00e9er un r\u00e9seau ad hoc sans fil entre votre ordinateur personnel et votre appareil mobile (iPhone, iPod Touch, iPad). Avec ce r\u00e9seau, vous serez en mesure de connecter Slideshow Remote \u00e0 Logic Server.<\/p>\n\n\n\n<h3 class=\"wp-block-heading\"><a href=\"\/fr\/support\/iphone-ad-hoc-wireless-network\/index.html\">Cr\u00e9er un r\u00e9seau ad hoc sans fil pour iPhone, iPod Touch et iPad<\/a><\/h3>\n\n\n\n<p>Un r\u00e9seau ad hoc (aussi nomm\u00e9 poste-\u00e0-poste) est un r\u00e9seau informatique simple qui implique au moins deux syst\u00e8mes, dans notre cas votre PC et votre appareil mobile. Contrairement \u00e0 un r\u00e9seau local habituel, aucun serveur ni router (point d&#8217;acc\u00e8s sans fil) n&#8217;est requis.<\/p>\n\n\n\n<h3 class=\"wp-block-heading\"><a href=\"\/fr\/support\/desinstaller-logic-server\/index.html\">Comment d\u00e9sinstaller Logic Server\u2122<\/a><\/h3>\n\n\n\n<p>Veuillez&nbsp;nous contacter pour obtenir de l&#8217;assistance avec Logic Server.<br>Cette page expique comment d\u00e9sinstaller Logic Server&nbsp;de votre ordinateur personnel.<\/p>\n\n\n\n<h3 class=\"wp-block-heading\"><a href=\"\/fr\/products\/logic-server\/features\/index.html\">Fonctionnalit\u00e9s de Logic Server\u2122<\/a><\/h3>\n\n\n\n<p>Logic Server\u2122 est l&#8217;application PC qui supporte Slideshow Remote\u2122.<\/p>\n\n\n\n<h3 class=\"wp-block-heading\"><a href=\"\/fr\/produits\/logic-server\/telechargement\/index.html\">T\u00e9l\u00e9chargement et installation de Logic Server\u2122<\/a><\/h3>\n\n\n\n<p><strong>Note:<\/strong> Vous pouvez ignorer le message &#8220;LogicServer.exe n&#8217;est pas fr\u00e9quemment t\u00e9l\u00e9charg\u00e9 et pourrait nuire \u00e0 votre ordinateur&#8221; si vous t\u00e9l\u00e9chargez Logic Server depuis logicinmind.com.<\/p>\n\n\n\n<h3 class=\"wp-block-heading\"><a href=\"\/fr\/support\/depannage-connexion-logic-server\/index.html\">D\u00e9pannage de connexion avec Logic Server<\/a><\/h3>\n\n\n\n<p>Ce guide de d\u00e9pannage vous permettra de r\u00e9soudre les probl\u00e8mes de connexion avec Logic Server.<\/p>\n\n\n\n<div style=\"height:50px\" aria-hidden=\"true\" class=\"wp-block-spacer\"><\/div>\n<\/div><\/div>\n\n\n\n<div class=\"wp-block-cover alignfull has-nv-text-dark-bg-color has-text-color has-link-color wp-elements-cc8ef6782459449b5922162eac3be1c8\" style=\"min-height:276px;aspect-ratio:unset;\"><span aria-hidden=\"true\" class=\"wp-block-cover__background has-background-dim-100 has-background-dim\" style=\"background-color:#606060\"><\/span><div class=\"wp-block-cover__inner-container is-layout-flow wp-block-cover-is-layout-flow\">\n<div style=\"height:30px\" aria-hidden=\"true\" class=\"wp-block-spacer\"><\/div>\n\n\n\n<div class=\"wp-block-columns is-layout-flex wp-container-core-columns-is-layout-9d6595d7 wp-block-columns-is-layout-flex\">\n<div class=\"wp-block-column is-layout-flow wp-block-column-is-layout-flow\">\n<p class=\"has-text-align-center\">Copyright \u00a9 2009-2025 LogicInMind. All Rights Reserved.<br>\u00ae Slideshow Remote, Logic Server, OfficeApp are registered trademarks of LogicInMind.<\/p>\n\n\n\n<p class=\"has-text-align-center\"><\/p>\n<\/div>\n<\/div>\n\n\n\n<div style=\"height:0px\" aria-hidden=\"true\" class=\"wp-block-spacer\"><\/div>\n<\/div><\/div>\n","protected":false},"excerpt":{"rendered":"","protected":false},"author":1,"featured_media":0,"parent":0,"menu_order":0,"comment_status":"closed","ping_status":"closed","template":"","meta":{"neve_meta_sidebar":"","neve_meta_container":"default","neve_meta_enable_content_width":"on","neve_meta_content_width":100,"neve_meta_title_alignment":"","neve_meta_author_avatar":"","neve_post_elements_order":"","neve_meta_disable_header":"","neve_meta_disable_footer":"on","neve_meta_disable_title":"on","footnotes":""},"class_list":["post-189","page","type-page","status-publish","hentry"],"yoast_head":"<!-- This site is optimized with the Yoast SEO plugin v25.6 - https:\/\/yoast.com\/wordpress\/plugins\/seo\/ -->\n<title>LogicInMind - Accueil - LogicInMind<\/title>\n<meta name=\"description\" content=\"La t\u00e9l\u00e9commande la plus avanc\u00e9e pour PowerPoint Windows\" \/>\n<meta name=\"robots\" content=\"index, follow, max-snippet:-1, max-image-preview:large, max-video-preview:-1\" \/>\n<link rel=\"canonical\" href=\"https:\/\/www.logicinmind.com\/fr\/\" \/>\n<meta property=\"og:locale\" content=\"en_US\" \/>\n<meta property=\"og:type\" content=\"article\" \/>\n<meta property=\"og:title\" content=\"LogicInMind - Accueil - LogicInMind\" \/>\n<meta property=\"og:description\" content=\"La t\u00e9l\u00e9commande la plus avanc\u00e9e pour PowerPoint Windows\" \/>\n<meta property=\"og:url\" content=\"https:\/\/www.logicinmind.com\/fr\/\" \/>\n<meta property=\"og:site_name\" content=\"LogicInMind - Home\" \/>\n<meta property=\"article:modified_time\" content=\"2025-08-01T15:40:07+00:00\" \/>\n<meta property=\"og:image\" content=\"https:\/\/www.logicinmind.com\/wp-content\/uploads\/2025\/03\/top-priority-black-desktop1920x1280-1-1024x683.png\" \/>\n\t<meta property=\"og:image:width\" content=\"1024\" \/>\n\t<meta property=\"og:image:height\" content=\"683\" \/>\n\t<meta property=\"og:image:type\" content=\"image\/png\" \/>\n<meta name=\"twitter:card\" content=\"summary_large_image\" \/>\n<meta name=\"twitter:label1\" content=\"Est. reading time\" \/>\n\t<meta name=\"twitter:data1\" content=\"2 minutes\" \/>\n<script type=\"application\/ld+json\" class=\"yoast-schema-graph\">{\"@context\":\"https:\/\/schema.org\",\"@graph\":[{\"@type\":\"WebPage\",\"@id\":\"https:\/\/www.logicinmind.com\/fr\/\",\"url\":\"https:\/\/www.logicinmind.com\/fr\/\",\"name\":\"LogicInMind - Accueil - LogicInMind\",\"isPartOf\":{\"@id\":\"https:\/\/www.logicinmind.com\/#website\"},\"primaryImageOfPage\":{\"@id\":\"https:\/\/www.logicinmind.com\/fr\/#primaryimage\"},\"image\":{\"@id\":\"https:\/\/www.logicinmind.com\/fr\/#primaryimage\"},\"thumbnailUrl\":\"https:\/\/www.logicinmind.com\/wp-content\/uploads\/2025\/03\/top-priority-black-desktop1920x1280-1.png\",\"datePublished\":\"2025-03-21T13:58:44+00:00\",\"dateModified\":\"2025-08-01T15:40:07+00:00\",\"description\":\"La t\u00e9l\u00e9commande la plus avanc\u00e9e pour PowerPoint Windows\",\"breadcrumb\":{\"@id\":\"https:\/\/www.logicinmind.com\/fr\/#breadcrumb\"},\"inLanguage\":\"en-US\",\"potentialAction\":[{\"@type\":\"ReadAction\",\"target\":[\"https:\/\/www.logicinmind.com\/fr\/\"]}]},{\"@type\":\"ImageObject\",\"inLanguage\":\"en-US\",\"@id\":\"https:\/\/www.logicinmind.com\/fr\/#primaryimage\",\"url\":\"https:\/\/www.logicinmind.com\/wp-content\/uploads\/2025\/03\/top-priority-black-desktop1920x1280-1.png\",\"contentUrl\":\"https:\/\/www.logicinmind.com\/wp-content\/uploads\/2025\/03\/top-priority-black-desktop1920x1280-1.png\",\"width\":1920,\"height\":1280},{\"@type\":\"BreadcrumbList\",\"@id\":\"https:\/\/www.logicinmind.com\/fr\/#breadcrumb\",\"itemListElement\":[{\"@type\":\"ListItem\",\"position\":1,\"name\":\"Home\",\"item\":\"https:\/\/www.logicinmind.com\/\"},{\"@type\":\"ListItem\",\"position\":2,\"name\":\"LogicInMind &#8211; Accueil\"}]},{\"@type\":\"WebSite\",\"@id\":\"https:\/\/www.logicinmind.com\/#website\",\"url\":\"https:\/\/www.logicinmind.com\/\",\"name\":\"LogicInMind - Home\",\"description\":\"\",\"publisher\":{\"@id\":\"https:\/\/www.logicinmind.com\/#organization\"},\"potentialAction\":[{\"@type\":\"SearchAction\",\"target\":{\"@type\":\"EntryPoint\",\"urlTemplate\":\"https:\/\/www.logicinmind.com\/?s={search_term_string}\"},\"query-input\":{\"@type\":\"PropertyValueSpecification\",\"valueRequired\":true,\"valueName\":\"search_term_string\"}}],\"inLanguage\":\"en-US\"},{\"@type\":\"Organization\",\"@id\":\"https:\/\/www.logicinmind.com\/#organization\",\"name\":\"LogicInMind - Home\",\"url\":\"https:\/\/www.logicinmind.com\/\",\"logo\":{\"@type\":\"ImageObject\",\"inLanguage\":\"en-US\",\"@id\":\"https:\/\/www.logicinmind.com\/#\/schema\/logo\/image\/\",\"url\":\"https:\/\/www.logicinmind.com\/wp-content\/uploads\/2025\/03\/logo-agency.png\",\"contentUrl\":\"https:\/\/www.logicinmind.com\/wp-content\/uploads\/2025\/03\/logo-agency.png\",\"width\":200,\"height\":200,\"caption\":\"LogicInMind - Home\"},\"image\":{\"@id\":\"https:\/\/www.logicinmind.com\/#\/schema\/logo\/image\/\"}}]}<\/script>\n<!-- \/ Yoast SEO plugin. -->","yoast_head_json":{"title":"LogicInMind - Accueil - LogicInMind","description":"La t\u00e9l\u00e9commande la plus avanc\u00e9e pour PowerPoint Windows","robots":{"index":"index","follow":"follow","max-snippet":"max-snippet:-1","max-image-preview":"max-image-preview:large","max-video-preview":"max-video-preview:-1"},"canonical":"https:\/\/www.logicinmind.com\/fr\/","og_locale":"en_US","og_type":"article","og_title":"LogicInMind - Accueil - LogicInMind","og_description":"La t\u00e9l\u00e9commande la plus avanc\u00e9e pour PowerPoint Windows","og_url":"https:\/\/www.logicinmind.com\/fr\/","og_site_name":"LogicInMind - Home","article_modified_time":"2025-08-01T15:40:07+00:00","og_image":[{"width":1024,"height":683,"url":"https:\/\/www.logicinmind.com\/wp-content\/uploads\/2025\/03\/top-priority-black-desktop1920x1280-1-1024x683.png","type":"image\/png"}],"twitter_card":"summary_large_image","twitter_misc":{"Est. reading time":"2 minutes"},"schema":{"@context":"https:\/\/schema.org","@graph":[{"@type":"WebPage","@id":"https:\/\/www.logicinmind.com\/fr\/","url":"https:\/\/www.logicinmind.com\/fr\/","name":"LogicInMind - Accueil - LogicInMind","isPartOf":{"@id":"https:\/\/www.logicinmind.com\/#website"},"primaryImageOfPage":{"@id":"https:\/\/www.logicinmind.com\/fr\/#primaryimage"},"image":{"@id":"https:\/\/www.logicinmind.com\/fr\/#primaryimage"},"thumbnailUrl":"https:\/\/www.logicinmind.com\/wp-content\/uploads\/2025\/03\/top-priority-black-desktop1920x1280-1.png","datePublished":"2025-03-21T13:58:44+00:00","dateModified":"2025-08-01T15:40:07+00:00","description":"La t\u00e9l\u00e9commande la plus avanc\u00e9e pour PowerPoint Windows","breadcrumb":{"@id":"https:\/\/www.logicinmind.com\/fr\/#breadcrumb"},"inLanguage":"en-US","potentialAction":[{"@type":"ReadAction","target":["https:\/\/www.logicinmind.com\/fr\/"]}]},{"@type":"ImageObject","inLanguage":"en-US","@id":"https:\/\/www.logicinmind.com\/fr\/#primaryimage","url":"https:\/\/www.logicinmind.com\/wp-content\/uploads\/2025\/03\/top-priority-black-desktop1920x1280-1.png","contentUrl":"https:\/\/www.logicinmind.com\/wp-content\/uploads\/2025\/03\/top-priority-black-desktop1920x1280-1.png","width":1920,"height":1280},{"@type":"BreadcrumbList","@id":"https:\/\/www.logicinmind.com\/fr\/#breadcrumb","itemListElement":[{"@type":"ListItem","position":1,"name":"Home","item":"https:\/\/www.logicinmind.com\/"},{"@type":"ListItem","position":2,"name":"LogicInMind &#8211; Accueil"}]},{"@type":"WebSite","@id":"https:\/\/www.logicinmind.com\/#website","url":"https:\/\/www.logicinmind.com\/","name":"LogicInMind - Home","description":"","publisher":{"@id":"https:\/\/www.logicinmind.com\/#organization"},"potentialAction":[{"@type":"SearchAction","target":{"@type":"EntryPoint","urlTemplate":"https:\/\/www.logicinmind.com\/?s={search_term_string}"},"query-input":{"@type":"PropertyValueSpecification","valueRequired":true,"valueName":"search_term_string"}}],"inLanguage":"en-US"},{"@type":"Organization","@id":"https:\/\/www.logicinmind.com\/#organization","name":"LogicInMind - Home","url":"https:\/\/www.logicinmind.com\/","logo":{"@type":"ImageObject","inLanguage":"en-US","@id":"https:\/\/www.logicinmind.com\/#\/schema\/logo\/image\/","url":"https:\/\/www.logicinmind.com\/wp-content\/uploads\/2025\/03\/logo-agency.png","contentUrl":"https:\/\/www.logicinmind.com\/wp-content\/uploads\/2025\/03\/logo-agency.png","width":200,"height":200,"caption":"LogicInMind - Home"},"image":{"@id":"https:\/\/www.logicinmind.com\/#\/schema\/logo\/image\/"}}]}},"_links":{"self":[{"href":"https:\/\/www.logicinmind.com\/index.php\/wp-json\/wp\/v2\/pages\/189","targetHints":{"allow":["GET"]}}],"collection":[{"href":"https:\/\/www.logicinmind.com\/index.php\/wp-json\/wp\/v2\/pages"}],"about":[{"href":"https:\/\/www.logicinmind.com\/index.php\/wp-json\/wp\/v2\/types\/page"}],"author":[{"embeddable":true,"href":"https:\/\/www.logicinmind.com\/index.php\/wp-json\/wp\/v2\/users\/1"}],"replies":[{"embeddable":true,"href":"https:\/\/www.logicinmind.com\/index.php\/wp-json\/wp\/v2\/comments?post=189"}],"version-history":[{"count":6,"href":"https:\/\/www.logicinmind.com\/index.php\/wp-json\/wp\/v2\/pages\/189\/revisions"}],"predecessor-version":[{"id":245,"href":"https:\/\/www.logicinmind.com\/index.php\/wp-json\/wp\/v2\/pages\/189\/revisions\/245"}],"wp:attachment":[{"href":"https:\/\/www.logicinmind.com\/index.php\/wp-json\/wp\/v2\/media?parent=189"}],"curies":[{"name":"wp","href":"https:\/\/api.w.org\/{rel}","templated":true}]}}