{"id":206,"date":"2025-03-21T14:05:24","date_gmt":"2025-03-21T14:05:24","guid":{"rendered":"https:\/\/www.logicinmind.com\/?page_id=206"},"modified":"2025-03-21T14:05:25","modified_gmt":"2025-03-21T14:05:25","slug":"creer-un-reseau-ad-hoc-sans-fil-pour-iphone-ipod-touch-et-ipad","status":"publish","type":"page","link":"https:\/\/www.logicinmind.com\/fr\/support\/reseau-ad-hoc-sans-fil-iphone\/index.html","title":{"rendered":"Cr\u00e9er un r\u00e9seau ad hoc sans fil pour iPhone, iPod Touch et iPad"},"content":{"rendered":"\n<div class=\"wp-block-cover alignfull has-custom-content-position is-position-bottom-center\" style=\"min-height:848px;aspect-ratio:unset;\"><span aria-hidden=\"true\" class=\"wp-block-cover__background has-background-dim-30 has-background-dim\"><\/span><img loading=\"lazy\" decoding=\"async\" width=\"1920\" height=\"1280\" class=\"wp-block-cover__image-background wp-image-81\" alt=\"LogicInMind\" src=\"https:\/\/www.logicinmind.com\/wp-content\/uploads\/2025\/03\/top-priority-black-desktop1920x1280-1.png\" data-object-fit=\"cover\" srcset=\"https:\/\/www.logicinmind.com\/wp-content\/uploads\/2025\/03\/top-priority-black-desktop1920x1280-1.png 1920w, https:\/\/www.logicinmind.com\/wp-content\/uploads\/2025\/03\/top-priority-black-desktop1920x1280-1-300x200.png 300w, https:\/\/www.logicinmind.com\/wp-content\/uploads\/2025\/03\/top-priority-black-desktop1920x1280-1-1024x683.png 1024w, https:\/\/www.logicinmind.com\/wp-content\/uploads\/2025\/03\/top-priority-black-desktop1920x1280-1-768x512.png 768w, https:\/\/www.logicinmind.com\/wp-content\/uploads\/2025\/03\/top-priority-black-desktop1920x1280-1-1536x1024.png 1536w, https:\/\/www.logicinmind.com\/wp-content\/uploads\/2025\/03\/top-priority-black-desktop1920x1280-1-930x620.png 930w\" sizes=\"auto, (max-width: 1920px) 100vw, 1920px\" \/><div class=\"wp-block-cover__inner-container is-layout-flow wp-block-cover-is-layout-flow\">\n<h1 class=\"wp-block-heading has-text-align-center has-x-large-font-size\">Cr\u00e9er un r\u00e9seau ad hoc sans fil pour iPhone, iPod Touch et iPad<\/h1>\n<\/div><\/div>\n\n\n\n<div class=\"wp-block-cover alignfull is-light\" style=\"min-height:600px;aspect-ratio:unset;\"><span aria-hidden=\"true\" class=\"wp-block-cover__background has-nv-light-bg-background-color has-background-dim-0 has-background-dim\"><\/span><div class=\"wp-block-cover__inner-container is-layout-flow wp-block-cover-is-layout-flow\">\n<div style=\"height:70px\" aria-hidden=\"true\" class=\"wp-block-spacer\"><\/div>\n\n\n\n<p>Ce guide vous aidera \u00e0 cr\u00e9er un r\u00e9seau ad hoc sans fil entre votre ordinateur personnel et votre appareil mobile (iPhone, iPod Touch, iPad). Avec ce r\u00e9seau, vous serez en mesure de connecter Slideshow Remote \u00e0 Logic Server.<\/p>\n\n\n\n<p>Un r\u00e9seau ad hoc (aussi nomm\u00e9 poste-\u00e0-poste) est un r\u00e9seau informatique simple qui implique au moins deux syst\u00e8mes, dans notre cas votre PC et votre appareil mobile. Contrairement&nbsp;\u00e0 un r\u00e9seau local habituel, aucun serveur ni router (point d&#8217;acc\u00e8s sans fil) n&#8217;est requis.<\/p>\n\n\n\n<h3 class=\"wp-block-heading\">Mat\u00e9riel requis<\/h3>\n\n\n\n<ul class=\"wp-block-list\">\n<li>Ordinateur personnel (Windows XP\/Vista\/7)<\/li>\n\n\n\n<li>Carte r\u00e9seau Wi-Fi install\u00e9e<\/li>\n\n\n\n<li>iPhone, iPod Touch ou iPad (toutes g\u00e9n\u00e9rations)<\/li>\n<\/ul>\n\n\n\n<h3 class=\"wp-block-heading\">Partie 1: Cr\u00e9er le r\u00e9seau ad hoc<\/h3>\n\n\n\n<h4 class=\"wp-block-heading\">Windows XP<\/h4>\n\n\n\n<ol class=\"wp-block-list\">\n<li>Cliquer sur\u00a0<strong>D\u00e9marrer<\/strong>,\u00a0et <strong>Panneau de configuration<\/strong>.<\/li>\n\n\n\n<li>Sous\u00a0<strong>Choisissez une cat\u00e9rogie<\/strong>,\u00a0cliquer sur <strong>Connexions r\u00e9seau et Internet<\/strong>.<\/li>\n\n\n\n<li>Sous\u00a0<strong>Choisissez une t\u00e2che<\/strong>, cliquer sur\u00a0<strong>Connexions r\u00e9seau<\/strong>.<\/li>\n\n\n\n<li>Cliquer avec le boutron droit sur votre connexion r\u00e9seau sans fil\u00a0et cliquer sur <strong>Propri\u00e9t\u00e9s<\/strong>.<\/li>\n\n\n\n<li>Dans la bo\u00eete de dialogue <strong>Propri\u00e9t\u00e9s de la connexion r\u00e9seau sans fil<\/strong>, afficher l&#8217;onglet <strong>R\u00e9seaux sans fil<\/strong>.<\/li>\n\n\n\n<li>Sous l&#8217;onglet <strong>R\u00e9seaux sans fil<\/strong>,\u00a0sous <strong>R\u00e9seaux pr\u00e9f\u00e9r\u00e9s<\/strong>, cliquer sur\u00a0<strong>Ajouter<\/strong>.<\/li>\n\n\n\n<li>Dans la bo\u00eete de dialogue Propri\u00e9t\u00e9s du r\u00e9seau sans fil, dans l&#8217;onglet <strong>Association<\/strong>, entrer le <strong>Nom r\u00e9seau (SSID)<\/strong> ad hoc, par example &#8220;<em>LogicNetwork<\/em>&#8220;.<\/li>\n\n\n\n<li>D\u00e9cocher la case <strong>La cl\u00e9 m&#8217;est fournie automatiquement<\/strong>.<\/li>\n\n\n\n<li>Cocher la case <strong>Ceci est un r\u00e9seau d&#8217;\u00e9gal \u00e0 \u00e9gal\u00a0(ad hoc)<\/strong>.<\/li>\n\n\n\n<li>Choisir un mot de passe et le saisir dans les champs <strong>Cl\u00e9 r\u00e9seau<\/strong> et <strong>Confirmez la cl\u00e9 r\u00e9seau<\/strong>.<\/li>\n\n\n\n<li>Cliquer sur <strong>OK<\/strong>.<\/li>\n\n\n\n<li>Cliquer sur <strong>OK<\/strong> pour enregistrer.<\/li>\n<\/ol>\n\n\n\n<p>Source: Traduit du\u00a0site web de Microsoft.<\/p>\n\n\n\n<p>Continuer avec la Partie 2 ci-dessous.<\/p>\n\n\n\n<h4 class=\"wp-block-heading\">Windows Vista<\/h4>\n\n\n\n<ol class=\"wp-block-list\">\n<li>Cliquer sur le bouton <strong>D\u00e9marrer<\/strong>.<\/li>\n\n\n\n<li>Cliquer sur <strong>Connexion<\/strong>.<\/li>\n\n\n\n<li>Cliquer sur <strong>Configurer une connexion ou un r\u00e9seau<\/strong>.<\/li>\n\n\n\n<li>Cliquer sur <strong>Configurer un r\u00e9seau ad hoc (ordinateur \u00e0 ordinateur)<\/strong> et <strong>Suivant<\/strong>.<\/li>\n\n\n\n<li>Entrer le <strong>Nom du r\u00e9seau<\/strong>, par exemple\u00a0&#8220;<em>LogicNetwork<\/em>&#8220;.<\/li>\n\n\n\n<li>Cliquer sur <strong>Activer le partage prot\u00e9g\u00e9 par mot de passe<\/strong>.<\/li>\n\n\n\n<li>Cliquer sur <strong>Enregistrer les modifications<\/strong>.<\/li>\n\n\n\n<li>Entrer le\u00a0<strong>Mot de passe<\/strong>.<\/li>\n\n\n\n<li>Cocher la case <strong>Enregistrer ce r\u00e9seau<\/strong>.<\/li>\n<\/ol>\n\n\n\n<p>Source:\u00a0Traduit du site web de Microsoft.<\/p>\n\n\n\n<p>Continuer avec la Partie 2 ci-dessous.<\/p>\n\n\n\n<h4 class=\"wp-block-heading\">Windows 7<\/h4>\n\n\n\n<ol class=\"wp-block-list\">\n<li>Cliquer sur le bouton <strong>D\u00e9marrer<\/strong>.<\/li>\n\n\n\n<li>Cliquer sur <strong>Panneau de configuration<\/strong>.<\/li>\n\n\n\n<li>Cliquer sur\u00a0<strong>R\u00e9seau et Internet<\/strong>.<\/li>\n\n\n\n<li>Cliquer <strong>Centre de r\u00e9seau et partage<\/strong>.<\/li>\n\n\n\n<li>Cliquer sur <strong>Configurer un R\u00e9seau sans fil ad hoc (ordinateur \u00e0 ordinateur)<\/strong>.<\/li>\n\n\n\n<li>Cliquer deux fois sur <strong>Suivant<\/strong>.<\/li>\n\n\n\n<li>Entrer le <strong>Nom du r\u00e9seau<\/strong>, par exemple &#8220;<em>LogicNetwork<\/em>&#8220;.<\/li>\n\n\n\n<li>Choisr la <strong>S\u00e9curit\u00e9<\/strong> WAP (ou WEP).<\/li>\n\n\n\n<li>Entrer la <strong>Cl\u00e9 de s\u00e9curit\u00e9 ou mot de passe<\/strong>.<\/li>\n\n\n\n<li>Cocher la case <strong>Enregistrer ce r\u00e9seau<\/strong>.<\/li>\n\n\n\n<li>Cliquer sur <strong>Partager la connexion Internet<\/strong>.<\/li>\n<\/ol>\n\n\n\n<p>Continuer avec la Partie 2 ci-dessous.<\/p>\n\n\n\n<h3 class=\"wp-block-heading\">Partie 2: Connecter votre appareil mobile<\/h3>\n\n\n\n<ol class=\"wp-block-list\">\n<li>Cliquer sur l&#8217;ic\u00f4ne <strong>R\u00e9glages<\/strong> dans le menu principal du iPhone.<\/li>\n\n\n\n<li>Cliquer sur <strong>Wi-Fi<\/strong>.<\/li>\n\n\n\n<li>Votre r\u00e9seau ad hoc &#8220;<em>LogicNetwork<\/em>&#8221; devrait s&#8217;afficher dans la liste.<\/li>\n\n\n\n<li>Cliquer sur votre r\u00e9seau.<\/li>\n\n\n\n<li>Entrer le <strong>Mot de passe<\/strong>.<\/li>\n<\/ol>\n\n\n\n<p>Vous pouvez d\u00e8s maintenant utiliser Slideshow Remote et Logic Server!<\/p>\n\n\n\n<h3 class=\"wp-block-heading\">Partie 3: D\u00e9pannage<\/h3>\n\n\n\n<p>Dans de rares circonstances, l&#8217;appareil mobile&nbsp;(iPhone, iPod Touch, iPad) accepte le r\u00e9seau ad hoc mais ne permet pas son utilisation. Dans ce cas, l&#8217;ic\u00f4ne Wi-Fi s&#8217;affiche dans la barre d&#8217;\u00e9tat en haut de l&#8217;\u00e9cran mais Slideshow Remote ne trouve aucun r\u00e9seau Wi-Fi.<\/p>\n\n\n\n<p>Voici l&#8217;astuce:<\/p>\n\n\n\n<ol class=\"wp-block-list\">\n<li>Cliquer sur <strong>R\u00e9glages<\/strong> dans le menu principal du iPhone.<\/li>\n\n\n\n<li>Cliquer sur <strong>Wi-Fi<\/strong>.<\/li>\n\n\n\n<li>S&#8217;assurer que le crochet est\u00a0\u00e0 gauche du nom de votre r\u00e9seau ad hoc.<\/li>\n\n\n\n<li>Cliquer sur la fl\u00e8eche \u00e0 droite de votre r\u00e9seau ad hoc.<\/li>\n\n\n\n<li>L&#8217;adresse IP devrait s&#8217;afficher, sous la forme 169.254.xxx.xxx.<br>S&#8217;il n&#8217;y a aucune adresse IP (champ vide) ceci explique pourquoi Slideshow Remote ne peut se connecter.\n<ul class=\"wp-block-list\">\n<li>Patienter environ 60 secondes sur cet \u00e9cran et une nouvelle adresse IP sera assign\u00e9e automatiquement (sous la forme\u00a0169.254.xxx.xxx)<\/li>\n\n\n\n<li>Sinon,\u00a0choisir sur <strong>Statique<\/strong> et entrer:<br><strong>Adresse IP<\/strong> 169.254.1.2<br><strong>Masque\u00a0de ss-r\u00e9s<\/strong> 255.255.255.255<\/li>\n\n\n\n<li>Si l&#8217;adresse 169.254.1.2 est d\u00e9j\u00e0 attribu\u00e9e \u00e0 un autre appareil, remplacer 1 et 2 par des nombres de votre choix entre 0 et 255.<\/li>\n<\/ul>\n<\/li>\n<\/ol>\n\n\n\n<div style=\"height:50px\" aria-hidden=\"true\" class=\"wp-block-spacer\"><\/div>\n<\/div><\/div>\n\n\n\n<div class=\"wp-block-cover alignfull has-nv-text-dark-bg-color has-text-color has-link-color wp-elements-cc8ef6782459449b5922162eac3be1c8\" style=\"min-height:276px;aspect-ratio:unset;\"><span aria-hidden=\"true\" class=\"wp-block-cover__background has-background-dim-100 has-background-dim\" style=\"background-color:#606060\"><\/span><div class=\"wp-block-cover__inner-container is-layout-flow wp-block-cover-is-layout-flow\">\n<div style=\"height:30px\" aria-hidden=\"true\" class=\"wp-block-spacer\"><\/div>\n\n\n\n<div class=\"wp-block-columns is-layout-flex wp-container-core-columns-is-layout-9d6595d7 wp-block-columns-is-layout-flex\">\n<div class=\"wp-block-column is-layout-flow wp-block-column-is-layout-flow\">\n<p class=\"has-text-align-center\">Copyright \u00a9 2009-2025 LogicInMind. All Rights Reserved.<br>\u00ae Slideshow Remote, Logic Server, OfficeApp are registered trademarks of LogicInMind.<\/p>\n\n\n\n<p class=\"has-text-align-center\"><\/p>\n<\/div>\n<\/div>\n\n\n\n<div style=\"height:0px\" aria-hidden=\"true\" class=\"wp-block-spacer\"><\/div>\n<\/div><\/div>\n","protected":false},"excerpt":{"rendered":"","protected":false},"author":1,"featured_media":0,"parent":0,"menu_order":0,"comment_status":"closed","ping_status":"closed","template":"","meta":{"neve_meta_sidebar":"","neve_meta_container":"default","neve_meta_enable_content_width":"on","neve_meta_content_width":100,"neve_meta_title_alignment":"","neve_meta_author_avatar":"","neve_post_elements_order":"","neve_meta_disable_header":"","neve_meta_disable_footer":"on","neve_meta_disable_title":"on","footnotes":""},"class_list":["post-206","page","type-page","status-publish","hentry"],"yoast_head":"<!-- This site is optimized with the Yoast SEO plugin v25.6 - https:\/\/yoast.com\/wordpress\/plugins\/seo\/ -->\n<title>Cr\u00e9er un r\u00e9seau ad hoc sans fil pour iPhone, iPod Touch et iPad - LogicInMind<\/title>\n<meta name=\"description\" content=\"Ce guide vous aidera \u00e0 cr\u00e9er un r\u00e9seau ad hoc sans fil entre votre ordinateur personnel et votre appareil mobile (iPhone, iPod Touch, iPad).\" \/>\n<meta name=\"robots\" content=\"index, follow, max-snippet:-1, max-image-preview:large, max-video-preview:-1\" \/>\n<link rel=\"canonical\" href=\"https:\/\/www.logicinmind.com\/fr\/support\/reseau-ad-hoc-sans-fil-iphone\/index.html\" \/>\n<meta property=\"og:locale\" content=\"en_US\" \/>\n<meta property=\"og:type\" content=\"article\" \/>\n<meta property=\"og:title\" content=\"Cr\u00e9er un r\u00e9seau ad hoc sans fil pour iPhone, iPod Touch et iPad - LogicInMind\" \/>\n<meta property=\"og:description\" content=\"Ce guide vous aidera \u00e0 cr\u00e9er un r\u00e9seau ad hoc sans fil entre votre ordinateur personnel et votre appareil mobile (iPhone, iPod Touch, iPad).\" \/>\n<meta property=\"og:url\" content=\"https:\/\/www.logicinmind.com\/fr\/support\/reseau-ad-hoc-sans-fil-iphone\/index.html\" \/>\n<meta property=\"og:site_name\" content=\"LogicInMind - Home\" \/>\n<meta property=\"article:modified_time\" content=\"2025-03-21T14:05:25+00:00\" \/>\n<meta property=\"og:image\" content=\"https:\/\/www.logicinmind.com\/wp-content\/uploads\/2025\/03\/top-priority-black-desktop1920x1280-1.png\" \/>\n<meta name=\"twitter:card\" content=\"summary_large_image\" \/>\n<meta name=\"twitter:label1\" content=\"Est. reading time\" \/>\n\t<meta name=\"twitter:data1\" content=\"4 minutes\" \/>\n<script type=\"application\/ld+json\" class=\"yoast-schema-graph\">{\"@context\":\"https:\/\/schema.org\",\"@graph\":[{\"@type\":\"WebPage\",\"@id\":\"https:\/\/www.logicinmind.com\/fr\/support\/reseau-ad-hoc-sans-fil-iphone\/index.html\",\"url\":\"https:\/\/www.logicinmind.com\/fr\/support\/reseau-ad-hoc-sans-fil-iphone\/index.html\",\"name\":\"Cr\u00e9er un r\u00e9seau ad hoc sans fil pour iPhone, iPod Touch et iPad - LogicInMind\",\"isPartOf\":{\"@id\":\"https:\/\/www.logicinmind.com\/#website\"},\"primaryImageOfPage\":{\"@id\":\"https:\/\/www.logicinmind.com\/fr\/support\/reseau-ad-hoc-sans-fil-iphone\/index.html#primaryimage\"},\"image\":{\"@id\":\"https:\/\/www.logicinmind.com\/fr\/support\/reseau-ad-hoc-sans-fil-iphone\/index.html#primaryimage\"},\"thumbnailUrl\":\"https:\/\/www.logicinmind.com\/wp-content\/uploads\/2025\/03\/top-priority-black-desktop1920x1280-1.png\",\"datePublished\":\"2025-03-21T14:05:24+00:00\",\"dateModified\":\"2025-03-21T14:05:25+00:00\",\"description\":\"Ce guide vous aidera \u00e0 cr\u00e9er un r\u00e9seau ad hoc sans fil entre votre ordinateur personnel et votre appareil mobile (iPhone, iPod Touch, iPad).\",\"breadcrumb\":{\"@id\":\"https:\/\/www.logicinmind.com\/fr\/support\/reseau-ad-hoc-sans-fil-iphone\/index.html#breadcrumb\"},\"inLanguage\":\"en-US\",\"potentialAction\":[{\"@type\":\"ReadAction\",\"target\":[\"https:\/\/www.logicinmind.com\/fr\/support\/reseau-ad-hoc-sans-fil-iphone\/index.html\"]}]},{\"@type\":\"ImageObject\",\"inLanguage\":\"en-US\",\"@id\":\"https:\/\/www.logicinmind.com\/fr\/support\/reseau-ad-hoc-sans-fil-iphone\/index.html#primaryimage\",\"url\":\"https:\/\/www.logicinmind.com\/wp-content\/uploads\/2025\/03\/top-priority-black-desktop1920x1280-1.png\",\"contentUrl\":\"https:\/\/www.logicinmind.com\/wp-content\/uploads\/2025\/03\/top-priority-black-desktop1920x1280-1.png\",\"width\":1920,\"height\":1280},{\"@type\":\"BreadcrumbList\",\"@id\":\"https:\/\/www.logicinmind.com\/fr\/support\/reseau-ad-hoc-sans-fil-iphone\/index.html#breadcrumb\",\"itemListElement\":[{\"@type\":\"ListItem\",\"position\":1,\"name\":\"Home\",\"item\":\"https:\/\/www.logicinmind.com\/\"},{\"@type\":\"ListItem\",\"position\":2,\"name\":\"Cr\u00e9er un r\u00e9seau ad hoc sans fil pour iPhone, iPod Touch et iPad\"}]},{\"@type\":\"WebSite\",\"@id\":\"https:\/\/www.logicinmind.com\/#website\",\"url\":\"https:\/\/www.logicinmind.com\/\",\"name\":\"LogicInMind - Home\",\"description\":\"\",\"publisher\":{\"@id\":\"https:\/\/www.logicinmind.com\/#organization\"},\"potentialAction\":[{\"@type\":\"SearchAction\",\"target\":{\"@type\":\"EntryPoint\",\"urlTemplate\":\"https:\/\/www.logicinmind.com\/?s={search_term_string}\"},\"query-input\":{\"@type\":\"PropertyValueSpecification\",\"valueRequired\":true,\"valueName\":\"search_term_string\"}}],\"inLanguage\":\"en-US\"},{\"@type\":\"Organization\",\"@id\":\"https:\/\/www.logicinmind.com\/#organization\",\"name\":\"LogicInMind - Home\",\"url\":\"https:\/\/www.logicinmind.com\/\",\"logo\":{\"@type\":\"ImageObject\",\"inLanguage\":\"en-US\",\"@id\":\"https:\/\/www.logicinmind.com\/#\/schema\/logo\/image\/\",\"url\":\"https:\/\/www.logicinmind.com\/wp-content\/uploads\/2025\/03\/logo-agency.png\",\"contentUrl\":\"https:\/\/www.logicinmind.com\/wp-content\/uploads\/2025\/03\/logo-agency.png\",\"width\":200,\"height\":200,\"caption\":\"LogicInMind - Home\"},\"image\":{\"@id\":\"https:\/\/www.logicinmind.com\/#\/schema\/logo\/image\/\"}}]}<\/script>\n<!-- \/ Yoast SEO plugin. -->","yoast_head_json":{"title":"Cr\u00e9er un r\u00e9seau ad hoc sans fil pour iPhone, iPod Touch et iPad - LogicInMind","description":"Ce guide vous aidera \u00e0 cr\u00e9er un r\u00e9seau ad hoc sans fil entre votre ordinateur personnel et votre appareil mobile (iPhone, iPod Touch, iPad).","robots":{"index":"index","follow":"follow","max-snippet":"max-snippet:-1","max-image-preview":"max-image-preview:large","max-video-preview":"max-video-preview:-1"},"canonical":"https:\/\/www.logicinmind.com\/fr\/support\/reseau-ad-hoc-sans-fil-iphone\/index.html","og_locale":"en_US","og_type":"article","og_title":"Cr\u00e9er un r\u00e9seau ad hoc sans fil pour iPhone, iPod Touch et iPad - LogicInMind","og_description":"Ce guide vous aidera \u00e0 cr\u00e9er un r\u00e9seau ad hoc sans fil entre votre ordinateur personnel et votre appareil mobile (iPhone, iPod Touch, iPad).","og_url":"https:\/\/www.logicinmind.com\/fr\/support\/reseau-ad-hoc-sans-fil-iphone\/index.html","og_site_name":"LogicInMind - Home","article_modified_time":"2025-03-21T14:05:25+00:00","og_image":[{"url":"https:\/\/www.logicinmind.com\/wp-content\/uploads\/2025\/03\/top-priority-black-desktop1920x1280-1.png","type":"","width":"","height":""}],"twitter_card":"summary_large_image","twitter_misc":{"Est. reading time":"4 minutes"},"schema":{"@context":"https:\/\/schema.org","@graph":[{"@type":"WebPage","@id":"https:\/\/www.logicinmind.com\/fr\/support\/reseau-ad-hoc-sans-fil-iphone\/index.html","url":"https:\/\/www.logicinmind.com\/fr\/support\/reseau-ad-hoc-sans-fil-iphone\/index.html","name":"Cr\u00e9er un r\u00e9seau ad hoc sans fil pour iPhone, iPod Touch et iPad - LogicInMind","isPartOf":{"@id":"https:\/\/www.logicinmind.com\/#website"},"primaryImageOfPage":{"@id":"https:\/\/www.logicinmind.com\/fr\/support\/reseau-ad-hoc-sans-fil-iphone\/index.html#primaryimage"},"image":{"@id":"https:\/\/www.logicinmind.com\/fr\/support\/reseau-ad-hoc-sans-fil-iphone\/index.html#primaryimage"},"thumbnailUrl":"https:\/\/www.logicinmind.com\/wp-content\/uploads\/2025\/03\/top-priority-black-desktop1920x1280-1.png","datePublished":"2025-03-21T14:05:24+00:00","dateModified":"2025-03-21T14:05:25+00:00","description":"Ce guide vous aidera \u00e0 cr\u00e9er un r\u00e9seau ad hoc sans fil entre votre ordinateur personnel et votre appareil mobile (iPhone, iPod Touch, iPad).","breadcrumb":{"@id":"https:\/\/www.logicinmind.com\/fr\/support\/reseau-ad-hoc-sans-fil-iphone\/index.html#breadcrumb"},"inLanguage":"en-US","potentialAction":[{"@type":"ReadAction","target":["https:\/\/www.logicinmind.com\/fr\/support\/reseau-ad-hoc-sans-fil-iphone\/index.html"]}]},{"@type":"ImageObject","inLanguage":"en-US","@id":"https:\/\/www.logicinmind.com\/fr\/support\/reseau-ad-hoc-sans-fil-iphone\/index.html#primaryimage","url":"https:\/\/www.logicinmind.com\/wp-content\/uploads\/2025\/03\/top-priority-black-desktop1920x1280-1.png","contentUrl":"https:\/\/www.logicinmind.com\/wp-content\/uploads\/2025\/03\/top-priority-black-desktop1920x1280-1.png","width":1920,"height":1280},{"@type":"BreadcrumbList","@id":"https:\/\/www.logicinmind.com\/fr\/support\/reseau-ad-hoc-sans-fil-iphone\/index.html#breadcrumb","itemListElement":[{"@type":"ListItem","position":1,"name":"Home","item":"https:\/\/www.logicinmind.com\/"},{"@type":"ListItem","position":2,"name":"Cr\u00e9er un r\u00e9seau ad hoc sans fil pour iPhone, iPod Touch et iPad"}]},{"@type":"WebSite","@id":"https:\/\/www.logicinmind.com\/#website","url":"https:\/\/www.logicinmind.com\/","name":"LogicInMind - Home","description":"","publisher":{"@id":"https:\/\/www.logicinmind.com\/#organization"},"potentialAction":[{"@type":"SearchAction","target":{"@type":"EntryPoint","urlTemplate":"https:\/\/www.logicinmind.com\/?s={search_term_string}"},"query-input":{"@type":"PropertyValueSpecification","valueRequired":true,"valueName":"search_term_string"}}],"inLanguage":"en-US"},{"@type":"Organization","@id":"https:\/\/www.logicinmind.com\/#organization","name":"LogicInMind - Home","url":"https:\/\/www.logicinmind.com\/","logo":{"@type":"ImageObject","inLanguage":"en-US","@id":"https:\/\/www.logicinmind.com\/#\/schema\/logo\/image\/","url":"https:\/\/www.logicinmind.com\/wp-content\/uploads\/2025\/03\/logo-agency.png","contentUrl":"https:\/\/www.logicinmind.com\/wp-content\/uploads\/2025\/03\/logo-agency.png","width":200,"height":200,"caption":"LogicInMind - Home"},"image":{"@id":"https:\/\/www.logicinmind.com\/#\/schema\/logo\/image\/"}}]}},"_links":{"self":[{"href":"https:\/\/www.logicinmind.com\/index.php\/wp-json\/wp\/v2\/pages\/206","targetHints":{"allow":["GET"]}}],"collection":[{"href":"https:\/\/www.logicinmind.com\/index.php\/wp-json\/wp\/v2\/pages"}],"about":[{"href":"https:\/\/www.logicinmind.com\/index.php\/wp-json\/wp\/v2\/types\/page"}],"author":[{"embeddable":true,"href":"https:\/\/www.logicinmind.com\/index.php\/wp-json\/wp\/v2\/users\/1"}],"replies":[{"embeddable":true,"href":"https:\/\/www.logicinmind.com\/index.php\/wp-json\/wp\/v2\/comments?post=206"}],"version-history":[{"count":2,"href":"https:\/\/www.logicinmind.com\/index.php\/wp-json\/wp\/v2\/pages\/206\/revisions"}],"predecessor-version":[{"id":214,"href":"https:\/\/www.logicinmind.com\/index.php\/wp-json\/wp\/v2\/pages\/206\/revisions\/214"}],"wp:attachment":[{"href":"https:\/\/www.logicinmind.com\/index.php\/wp-json\/wp\/v2\/media?parent=206"}],"curies":[{"name":"wp","href":"https:\/\/api.w.org\/{rel}","templated":true}]}}